{"id":148,"date":"2024-03-20T09:41:58","date_gmt":"2024-03-20T08:41:58","guid":{"rendered":"https:\/\/www.innerebner-management.com\/?page_id=148"},"modified":"2024-04-22T08:54:25","modified_gmt":"2024-04-22T06:54:25","slug":"home","status":"publish","type":"page","link":"https:\/\/www.innerebner-management.com\/it\/","title":{"rendered":"Home"},"content":{"rendered":"\n<div class=\"wp-block-cover alignfull is-light ohneAbstandOben wp-duotone-unset-1\" style=\"min-height:100vh\"><span aria-hidden=\"true\" class=\"wp-block-cover__background has-background-dim-20 has-background-dim\"><\/span><video class=\"wp-block-cover__video-background intrinsic-ignore\" autoplay muted loop playsinline src=\"https:\/\/www.innerebner-management.com\/wp-content\/uploads\/2024\/04\/adobestock_414478541-website.mp4\" data-object-fit=\"cover\"><\/video><div class=\"wp-block-cover__inner-container has-global-padding is-layout-constrained wp-block-cover-is-layout-constrained\">\n<h1 class=\"wp-block-heading has-text-align-left has-base-2-color has-text-color has-link-color has-xx-large-font-size wp-elements-9b96d5824af76552f2f165dd3fc751ac\">Innerebner Management<\/h1>\n\n\n\n<p class=\"has-text-align-left has-base-2-color has-text-color has-link-color has-x-large-font-size wp-elements-d8da0932073780626e1bd3707ec21e8b\" style=\"text-transform:uppercase\"><strong><strong>Gestione con qualit\u00e0<\/strong><\/strong><\/p>\n<\/div><\/div>\n\n\n\n<div id=\"wir\" class=\"wp-block-group has-global-padding is-layout-constrained wp-block-group-is-layout-constrained\" style=\"margin-top:var(--wp--preset--spacing--20);margin-bottom:var(--wp--preset--spacing--60);padding-left:var(--wp--preset--spacing--60)\">\n<h1 class=\"wp-block-heading\" style=\"margin-top:var(--wp--preset--spacing--60)\">Salve! Siamo la Innerebner Management.<\/h1>\n\n\n\n<p>Innerebner Management SAS \u00e8 stata fondata all&#8217;inizio del 2022 <strong>dell&#8217;amministratore delegata Tanja Steinegger<\/strong>. Tanja aveva gi\u00e0 maturato una vasta esperienza in campo amministrativo prima di decidere di conseguire il diploma di <strong>amministratrice di condomini<\/strong>. Il 24 aprile 2021 ha superato con successo l&#8217;esame per diventare amministratrice di condomini.<\/p>\n\n\n\n<p>L&#8217;azienda \u00e8 caratterizzata da un <strong>team familiare<\/strong> e da <strong>metodi di lavoro moderni<\/strong>. Garantiamo quindi un&#8217;assistenza ben strutturata, organizzata e basata sull&#8217;esperienza. Attribuiamo grande importanza alla professionalit\u00e0, all&#8217;ordine e alla qualit\u00e0, che si riflette nel nostro motto <strong>&#8220;Gestione con qualit\u00e0&#8221;<\/strong>.<\/p>\n<\/div>\n\n\n\n<div class=\"wp-block-cover alignfull is-light has-parallax wp-duotone-unset-2\" style=\"min-height:800px\"><span aria-hidden=\"true\" class=\"wp-block-cover__background has-background-dim-0 has-background-dim\"><\/span><div role=\"img\" class=\"wp-block-cover__image-background wp-image-99 has-parallax\" style=\"background-position:50% 50%;background-image:url(https:\/\/www.innerebner-management.com\/wp-content\/uploads\/2024\/04\/000.jpg)\"><\/div><div class=\"wp-block-cover__inner-container has-global-padding is-layout-constrained wp-block-cover-is-layout-constrained\">\n<p class=\"has-text-align-center has-large-font-size\"><\/p>\n<\/div><\/div>\n\n\n\n<div style=\"height:100px\" aria-hidden=\"true\" class=\"wp-block-spacer\"><\/div>\n\n\n\n<div id=\"leistungen\" class=\"wp-block-group has-global-padding is-layout-constrained wp-block-group-is-layout-constrained\">\n<h1 class=\"wp-block-heading\">Attivit\u00e0 e servizi<\/h1>\n\n\n\n<div class=\"wp-block-columns is-layout-flex wp-container-core-columns-layout-4 wp-block-columns-is-layout-flex\">\n<div class=\"wp-block-column is-layout-flow wp-block-column-is-layout-flow\">\n<div class=\"wp-block-columns is-not-stacked-on-mobile is-layout-flex wp-container-core-columns-layout-1 wp-block-columns-is-layout-flex\">\n<div class=\"wp-block-column is-layout-flow wp-block-column-is-layout-flow\" style=\"flex-basis:60px\">\n<div class=\"wp-block-outermost-icon-block\"><div class=\"icon-container\" style=\"width:50px\"><svg width=\"800px\" height=\"800px\" viewBox=\"0 0 512 512\" version=\"1.1\" xmlns=\"http:\/\/www.w3.org\/2000\/svg\" xmlns-xlink=\"http:\/\/www.w3.org\/1999\/xlink\"><title><\/title><g id=\"Page-1\" stroke=\"none\" stroke-width=\"1\" fill=\"none\" fill-rule=\"evenodd\"><g id=\"Mask\" fill=\"#000000\" transform=\"translate(64.000000, 64.000000)\"><path d=\"M298.666667,170.666667 C345.813333,170.666667 384,208.853333 384,256 L384,256 L384,384 L1.42108547e-14,384 L1.42108547e-14,298.666667 C1.42108547e-14,251.52 38.1866667,213.333333 85.3333333,213.333333 L85.3333333,213.333333 L160.853333,213.333333 C175.573333,187.733333 203.093333,170.666667 234.666667,170.666667 L234.666667,170.666667 Z M298.666667,213.333333 L234.666667,213.333333 C211.2,213.333333 192,232.533333 192,256 L192,256 L192,341.333333 L341.333333,341.333333 L341.333333,256 C341.333333,232.533333 322.133333,213.333333 298.666667,213.333333 L298.666667,213.333333 Z M149.333333,256 L85.3333333,256 C61.8666667,256 42.6666667,275.2 42.6666667,298.666667 L42.6666667,298.666667 L42.6666667,341.333333 L149.333333,341.333333 L149.333333,256 Z M106.666667,64 C141.952,64 170.666667,92.7146667 170.666667,128 C170.666667,163.285333 141.952,192 106.666667,192 C71.3813333,192 42.6666667,163.285333 42.6666667,128 C42.6666667,92.7146667 71.3813333,64 106.666667,64 Z M106.666667,104 C93.44,104 82.6666667,114.752 82.6666667,128 C82.6666667,141.248 93.44,152 106.666667,152 C119.893333,152 130.666667,141.248 130.666667,128 C130.666667,114.752 119.893333,104 106.666667,104 Z M266.666667,1.42108547e-14 C307.84,1.42108547e-14 341.333333,33.4933333 341.333333,74.6666667 C341.333333,115.84 307.84,149.333333 266.666667,149.333333 C225.493333,149.333333 192,115.84 192,74.6666667 C192,33.4933333 225.493333,1.42108547e-14 266.666667,1.42108547e-14 Z M266.666667,42.6666667 C249.024,42.6666667 234.666667,57.024 234.666667,74.6666667 C234.666667,92.3093333 249.024,106.666667 266.666667,106.666667 C284.309333,106.666667 298.666667,92.3093333 298.666667,74.6666667 C298.666667,57.024 284.309333,42.6666667 266.666667,42.6666667 Z\"><\/path><\/g><\/g><\/svg><\/div><\/div>\n<\/div>\n\n\n\n<div class=\"wp-block-column is-layout-flow wp-block-column-is-layout-flow\">\n<h2 class=\"wp-block-heading\">Gestione<\/h2>\n\n\n\n<p>Offriamo un servizio a tutto campo per il vostro condominio, immobile o terreno.<\/p>\n<\/div>\n<\/div>\n<\/div>\n\n\n\n<div class=\"wp-block-column is-layout-flow wp-block-column-is-layout-flow\">\n<div class=\"wp-block-columns is-not-stacked-on-mobile is-layout-flex wp-container-core-columns-layout-2 wp-block-columns-is-layout-flex\">\n<div class=\"wp-block-column is-layout-flow wp-block-column-is-layout-flow\" style=\"flex-basis:60px\">\n<div class=\"wp-block-outermost-icon-block\"><div class=\"icon-container\" style=\"width:50px\"><svg viewBox=\"0 0 24 24\" xmlns=\"http:\/\/www.w3.org\/2000\/svg\" aria-hidden=\"true\"><path fill-rule=\"evenodd\" clip-rule=\"evenodd\" d=\"M11.934 7.406a1 1 0 0 0 .914.594H19a.5.5 0 0 1 .5.5v9a.5.5 0 0 1-.5.5H5a.5.5 0 0 1-.5-.5V6a.5.5 0 0 1 .5-.5h5.764a.5.5 0 0 1 .447.276l.723 1.63Zm1.064-1.216a.5.5 0 0 0 .462.31H19a2 2 0 0 1 2 2v9a2 2 0 0 1-2 2H5a2 2 0 0 1-2-2V6a2 2 0 0 1 2-2h5.764a2 2 0 0 1 1.789 1.106l.445 1.084ZM8.5 10.5h7V12h-7v-1.5Zm7 3.5h-7v1.5h7V14Z\"><\/path><\/svg><\/div><\/div>\n<\/div>\n\n\n\n<div class=\"wp-block-column is-layout-flow wp-block-column-is-layout-flow\">\n<h2 class=\"wp-block-heading\">Amministrazione<\/h2>\n\n\n\n<p>Amministrazione ordinaria e straordinaria, redazione di contratti di ogni tipo (contratti di manutenzione e assicurazione, regolamento della casa), commissioni.<\/p>\n<\/div>\n<\/div>\n<\/div>\n\n\n\n<div class=\"wp-block-column is-layout-flow wp-block-column-is-layout-flow\">\n<div class=\"wp-block-columns is-not-stacked-on-mobile is-layout-flex wp-container-core-columns-layout-3 wp-block-columns-is-layout-flex\">\n<div class=\"wp-block-column is-layout-flow wp-block-column-is-layout-flow\" style=\"flex-basis:60px\">\n<div class=\"wp-block-outermost-icon-block\"><div class=\"icon-container\" style=\"width:50px\"><svg xmlns=\"http:\/\/www.w3.org\/2000\/svg\" viewBox=\"0 0 24 24\" aria-hidden=\"true\"><path d=\"m19 7-3-3-8.5 8.5-1 4 4-1L19 7Zm-7 11.5H5V20h7v-1.5Z\"><\/path><\/svg><\/div><\/div>\n<\/div>\n\n\n\n<div class=\"wp-block-column is-layout-flow wp-block-column-is-layout-flow\">\n<h2 class=\"wp-block-heading\">Contabilit\u00e0<\/h2>\n\n\n\n<p>Contabilit\u00e0 ordinaria<br>Contabilit\u00e0 fiscale<\/p>\n<\/div>\n<\/div>\n<\/div>\n<\/div>\n\n\n\n<div class=\"wp-block-columns is-layout-flex wp-container-core-columns-layout-8 wp-block-columns-is-layout-flex\">\n<div class=\"wp-block-column is-layout-flow wp-block-column-is-layout-flow\">\n<div class=\"wp-block-columns is-not-stacked-on-mobile is-layout-flex wp-container-core-columns-layout-5 wp-block-columns-is-layout-flex\">\n<div class=\"wp-block-column is-layout-flow wp-block-column-is-layout-flow\" style=\"flex-basis:60px\">\n<div class=\"wp-block-outermost-icon-block\"><div class=\"icon-container\" style=\"width:50px\"><svg xmlns=\"http:\/\/www.w3.org\/2000\/svg\" viewBox=\"0 0 24 24\" aria-hidden=\"true\"><path fill-rule=\"evenodd\" d=\"M11.25 5h1.5v15h-1.5V5zM6 10h1.5v10H6V10zm12 4h-1.5v6H18v-6z\" clip-rule=\"evenodd\"><\/path><\/svg><\/div><\/div>\n<\/div>\n\n\n\n<div class=\"wp-block-column is-layout-flow wp-block-column-is-layout-flow\">\n<h2 class=\"wp-block-heading\">Organizzazione<\/h2>\n\n\n\n<p>Organizzazione di vari servizi e prestazioni da parte di artigiani o fornitori<\/p>\n<\/div>\n<\/div>\n<\/div>\n\n\n\n<div class=\"wp-block-column is-layout-flow wp-block-column-is-layout-flow\">\n<div class=\"wp-block-columns is-not-stacked-on-mobile is-layout-flex wp-container-core-columns-layout-6 wp-block-columns-is-layout-flex\">\n<div class=\"wp-block-column is-layout-flow wp-block-column-is-layout-flow\" style=\"flex-basis:60px\">\n<div class=\"wp-block-outermost-icon-block\"><div class=\"icon-container\" style=\"width:50px\"><svg viewBox=\"0 0 24 24\" xmlns=\"http:\/\/www.w3.org\/2000\/svg\" aria-hidden=\"true\"><path fill-rule=\"evenodd\" clip-rule=\"evenodd\" d=\"M11.934 7.406a1 1 0 0 0 .914.594H19a.5.5 0 0 1 .5.5v9a.5.5 0 0 1-.5.5H5a.5.5 0 0 1-.5-.5V6a.5.5 0 0 1 .5-.5h5.764a.5.5 0 0 1 .447.276l.723 1.63Zm1.064-1.216a.5.5 0 0 0 .462.31H19a2 2 0 0 1 2 2v9a2 2 0 0 1-2 2H5a2 2 0 0 1-2-2V6a2 2 0 0 1 2-2h5.764a2 2 0 0 1 1.789 1.106l.445 1.084ZM8.5 10.5h7V12h-7v-1.5Zm7 3.5h-7v1.5h7V14Z\"><\/path><\/svg><\/div><\/div>\n<\/div>\n\n\n\n<div class=\"wp-block-column is-layout-flow wp-block-column-is-layout-flow\">\n<h2 class=\"wp-block-heading\">Assistenza tecnica<\/h2>\n\n\n\n<p>Manutenzione, supporto al sito web, riparazioni, assistenza, supervisione dei lavori, ispezioni del sito<\/p>\n<\/div>\n<\/div>\n<\/div>\n\n\n\n<div class=\"wp-block-column is-layout-flow wp-block-column-is-layout-flow\">\n<div class=\"wp-block-columns is-not-stacked-on-mobile is-layout-flex wp-container-core-columns-layout-7 wp-block-columns-is-layout-flex\">\n<div class=\"wp-block-column is-layout-flow wp-block-column-is-layout-flow\" style=\"flex-basis:60px\">\n<div class=\"wp-block-outermost-icon-block\"><div class=\"icon-container\" style=\"width:50px\"><svg xmlns=\"http:\/\/www.w3.org\/2000\/svg\" viewBox=\"0 0 24 24\" aria-hidden=\"true\"><path d=\"M12 3.25a8.75 8.75 0 100 17.5 8.75 8.75 0 000-17.5zM4.75 12a7.25 7.25 0 1114.5 0 7.25 7.25 0 01-14.5 0zm9.195 1.944a2.75 2.75 0 01-4.066-.194h.621a.75.75 0 000-1.5H9.262a2.767 2.767 0 010-.5H11.5a.75.75 0 000-1.5H9.88a2.75 2.75 0 014.066-.194.75.75 0 001.06-1.061 4.25 4.25 0 00-6.88 1.255H7.5a.75.75 0 000 1.5h.258c-.01.166-.01.334 0 .5H7.5a.75.75 0 000 1.5h.626a4.25 4.25 0 006.88 1.255.75.75 0 00-1.06-1.06z\"><\/path><\/svg><\/div><\/div>\n<\/div>\n\n\n\n<div class=\"wp-block-column is-layout-flow wp-block-column-is-layout-flow\">\n<h2 class=\"wp-block-heading\">Sovvenzioni \/ Contributi<\/h2>\n\n\n\n<p>Applicazione e supervisione delle sovvenzioni per condomini e comproprietari privati<\/p>\n<\/div>\n<\/div>\n<\/div>\n<\/div>\n<\/div>\n\n\n\n<div style=\"height:100px\" aria-hidden=\"true\" class=\"wp-block-spacer\"><\/div>\n","protected":false},"excerpt":{"rendered":"<p>Salve! Siamo la Innerebner Management. Innerebner Management SAS \u00e8 stata fondata all&#8217;inizio del 2022 dell&#8217;amministratore delegata Tanja Steinegger. Tanja aveva gi\u00e0 maturato una vasta esperienza in campo amministrativo prima di decidere di conseguire il diploma di amministratrice di condomini. Il 24 aprile 2021 ha superato con successo l&#8217;esame per diventare amministratrice di condomini. L&#8217;azienda \u00e8 [&hellip;]<\/p>\n","protected":false},"author":4,"featured_media":0,"parent":0,"menu_order":0,"comment_status":"closed","ping_status":"open","template":"","meta":{"inline_featured_image":false,"footnotes":""},"_links":{"self":[{"href":"https:\/\/www.innerebner-management.com\/it\/wp-json\/wp\/v2\/pages\/148"}],"collection":[{"href":"https:\/\/www.innerebner-management.com\/it\/wp-json\/wp\/v2\/pages"}],"about":[{"href":"https:\/\/www.innerebner-management.com\/it\/wp-json\/wp\/v2\/types\/page"}],"author":[{"embeddable":true,"href":"https:\/\/www.innerebner-management.com\/it\/wp-json\/wp\/v2\/users\/4"}],"replies":[{"embeddable":true,"href":"https:\/\/www.innerebner-management.com\/it\/wp-json\/wp\/v2\/comments?post=148"}],"version-history":[{"count":8,"href":"https:\/\/www.innerebner-management.com\/it\/wp-json\/wp\/v2\/pages\/148\/revisions"}],"predecessor-version":[{"id":312,"href":"https:\/\/www.innerebner-management.com\/it\/wp-json\/wp\/v2\/pages\/148\/revisions\/312"}],"wp:attachment":[{"href":"https:\/\/www.innerebner-management.com\/it\/wp-json\/wp\/v2\/media?parent=148"}],"curies":[{"name":"wp","href":"https:\/\/api.w.org\/{rel}","templated":true}]}}