{"id":193,"date":"2024-03-20T09:41:58","date_gmt":"2024-03-20T08:41:58","guid":{"rendered":"https:\/\/www.innerebner-management.com\/?page_id=193"},"modified":"2024-04-22T08:56:14","modified_gmt":"2024-04-22T06:56:14","slug":"protezione-dati","status":"publish","type":"page","link":"https:\/\/www.innerebner-management.com\/it\/protezione-dati\/","title":{"rendered":"Informativa"},"content":{"rendered":"\n<h1 class=\"wp-block-heading\">Informativa<\/h1>\n\n\n\n<h2 class=\"wp-block-heading\" id=\"datenschutz\">RGPD<\/h2>\n\n\n\n<p><strong>Regolamento Generale sulla Protezione dei Dati (RGPD)<\/strong><\/p>\n\n\n\n<p>Con la presente Le diamo conto della natura, della portata e dello scopo della raccolta e dell&#8217;uso dei Suoi dati personali. Responsabile del trattamento dei dati \u00e8:&nbsp;<strong>Innerebner Management, Tanja Steinegger, Via Johann-Georg-Plazer 50, 39057 Appiano<\/strong>&nbsp;in persona del legale rappresentante:&nbsp;<strong>Tanja Steinegger<\/strong>, contattabile ai seguenti recapiti: Tel.&nbsp;<strong>+39 0471 1390506<\/strong>&nbsp;+ E-Mail:&nbsp;<strong>info@innerebner-management.com<\/strong><\/p>\n\n\n\n<p>Ai sensi dell&#8217;articolo 13 del Regolamento Generale sulla Protezione dei Dati, tratteremo le seguenti informazioni:<\/p>\n\n\n\n<ul>\n<li>Dati anagrafici (nome, cognome, indirizzo, telefono, e-mail, data di nascita, luogo di nascita, lingua ecc.)<\/li>\n\n\n\n<li>Dati presenti nei documenti di viaggio e d\u2019identit\u00e0<\/li>\n\n\n\n<li>Dati relativi a pagamenti, carte di debito, carte di credito e carte bancarie<\/li>\n\n\n\n<li>La durata del soggiorno e le preferenze personali associate al soggiorno richiesto<\/li>\n<\/ul>\n\n\n\n<p>I dati saranno archiviati, elaborati e, ove richiesto dalla legge, trasmessi a terzi (quali autorit\u00e0 pubbliche, associazioni turistiche ecc.) nell\u2019ottica della fornitura dei nostri servizi.<\/p>\n\n\n\n<p>I Suoi dati non saranno trasmessi a paesi terzi.<\/p>\n\n\n\n<p>In caso di Suo rifiuto a conferirci i Suoi dati anagrafici, dei documenti di viaggio e relativi alle coordinate bancarie non saremo in grado di adempiere agli obblighi contrattuali e di accoglierLa presso la nostra struttura.<\/p>\n\n\n\n<p>I Suoi dati non verranno impiegati in processi decisionali automatizzati, compresa la profilazione.<\/p>\n\n\n\n<p>Le basi legali per questi processi di elaborazione dei dati sono:<\/p>\n\n\n\n<ul>\n<li>l&#8217;adempimento dei nostri obblighi precontrattuali e contrattuali nei Suoi confronti<\/li>\n\n\n\n<li>il consenso da Lei ottenuto<\/li>\n\n\n\n<li>gli obblighi legali, contrattuali o altri obblighi legali a cui siamo tenuti (come ad esempio gli obblighi in materia di contabilit\u00e0, diritto fiscale e doganale, derivanti da contratti, informativa o contenziosi)<\/li>\n\n\n\n<li>i nostri interessi legittimi (come ad esempio migliorare il nostro servizio ai clienti, l\u2019attivit\u00e0 di pubblicit\u00e0 diretta o l&#8217;esercizio dei nostri interessi legali).<\/li>\n<\/ul>\n\n\n\n<p>La durata della conservazione dipende dalla durata del rapporto commerciale, dal consenso da parte Sua, dagli obblighi legali di conservazione e dagli obblighi legali a cui siamo sottoposti.<\/p>\n\n\n\n<p>Pu\u00f2 richiedere informazioni sui Suoi dati personali da noi custoditi gratuitamente in qualsiasi momento. Come interessato ha anche il diritto di revoca, consultazione, modificazione, cancellazione e distruzione dei dati, nella misura in cui non ci sia alcun obbligo legale di conservazione da parte nostra. Esercitando il Suo diritto di revoca, tutti i Suoi dati saranno irrimediabilmente cancellati, a meno che non vengano violate disposizioni normative di rango superiore.<\/p>\n\n\n\n<p>Per ulteriori informazioni sui Suoi diritti La preghiamo di contattarci a&nbsp;<strong>info@innerebner-management.com<\/strong>, saremo felici di aiutarLa. Per eventuali reclami, il Garante per la protezione dei dati personali \u00e8: Garante per la protezione dei dati personali Piazza di Monte Citorio, 115\/121, 00186 Roma&nbsp; Fax: (+39) 06.69677.3785, Telefono: (+39) 06.696771, E-mail: garante@gpdp.it.<\/p>\n\n\n\n<h2 class=\"wp-block-heading\" id=\"cookies\">Cookies<\/h2>\n\n\n\n<p>Un cookie \u00e8 un piccolo file di lettere e numeri che viene salvato sul vostro computer quando accedete a determinati siti web. I cookie permettono ad un sito web di riconoscere il computer di un utente. Un cookie di per s\u00e9 non contiene n\u00e9 raccoglie informazioni. I cookie possono essere utilizzati nella pubblicit\u00e0 comportamentale per individuare gli utenti che condividono un interesse particolare al fine di sottoporre loro messaggi pubblicitari pi\u00f9 pertinenti.<\/p>\n\n\n\n<ul>\n<li><a href=\"http:\/\/it.wikipedia.org\/wiki\/Cookie\" target=\"_blank\" rel=\"noreferrer noopener\">Ulteriori informazioni sui cookie su Wikipedia<\/a><\/li>\n\n\n\n<li><a href=\"http:\/\/www.garanteprivacy.it\/cookie\" target=\"_blank\" rel=\"noreferrer noopener\">Informazioni sui cookie su sito del Garante per la protezione dei dati personali<\/a><\/li>\n<\/ul>\n\n\n\n<p>Questo sito web utilizza da un lato cookie tecnici che vengono utilizzati per la navigazione, la funzione e la migliorazione delle prestazioni del sito e dall&#8217;altra parte permette a terzi di rilasciare cookies. Questi cookie di terze parti potrebbero essere cookie tecnici, ma anche cookie per la profilazione, che vengono utilizzati per l&#8217;analisi statistica e per la raccolta di dati al fine di inviare all&#8217;utente messaggi pubblicitari che li interessano (cookie di profilazione per il marketing e retargeting).<\/p>\n\n\n\n<p>Utenti possono disattivare i cookie.<\/p>\n\n\n\n<p><strong>Attenzione<\/strong>, se si sceglie di disabilitare o rifiutare i cookie, potrebbe succedere che alcune parti del sito non potranno essere visualizzate o che non funzionino correttamente.<\/p>\n\n\n\n<p>Per disattivare o rifiutare i cookies consultare questi link:<\/p>\n\n\n\n<p><strong>Per disabilitare i cookie nei browser pi\u00f9 diffusi:<\/strong><\/p>\n\n\n\n<ul>\n<li><a href=\"https:\/\/support.mozilla.org\/it\/kb\/Attivare%20e%20disattivare%20i%20cookie\" target=\"_blank\" rel=\"noreferrer noopener\">Mozilla Firefox<\/a><\/li>\n\n\n\n<li><a href=\"http:\/\/windows.microsoft.com\/it-IT\/windows7\/Block-enable-or-allow-cookies\" target=\"_blank\" rel=\"noreferrer noopener\">Windows Internet Explorer<\/a><\/li>\n\n\n\n<li><a href=\"https:\/\/support.google.com\/chrome\/answer\/95647?hl=it\" target=\"_blank\" rel=\"noreferrer noopener\">Google Chrome<\/a><\/li>\n\n\n\n<li><a href=\"http:\/\/help.opera.com\/Windows\/10.00\/it\/cookies.html\" target=\"_blank\" rel=\"noreferrer noopener\">Opera<\/a><\/li>\n\n\n\n<li><a href=\"https:\/\/support.apple.com\/it-it\/HT201265\" target=\"_blank\" rel=\"noreferrer noopener\">Apple Safari<\/a><\/li>\n<\/ul>\n\n\n\n<p><strong>Pagine di informazioni per i cookie di terze parti:<\/strong><\/p>\n\n\n\n<ul>\n<li><a href=\"http:\/\/www.google.com\/intl\/it\/policies\/\" target=\"_blank\" rel=\"noreferrer noopener\">Google<\/a><\/li>\n\n\n\n<li><a href=\"http:\/\/www.google.com\/intl\/it\/policies\/technologies\/cookies\/\" target=\"_blank\" rel=\"noreferrer noopener\">Youtube<\/a><\/li>\n\n\n\n<li><a href=\"http:\/\/www.google.com\/intl\/it\/policies\/technologies\/cookies\/\" target=\"_blank\" rel=\"noreferrer noopener\">Google Maps<\/a><\/li>\n<\/ul>\n\n\n\n<p>Per ulteriori informazioni su come potete disattivare e \/ o cancellare i cookie visitate il sito web gestito da European Interactive Digital Advertising Alliance (EDAA) all\u2019indirizzo&nbsp;<a href=\"http:\/\/www.youronlinechoices.eu\/\" target=\"_blank\" rel=\"noreferrer noopener\">www.youronlinechoices.eu<\/a><\/p>\n\n\n\n<h2 class=\"wp-block-heading\">Logfiles<\/h2>\n\n\n\n<p>Ogni volta che si accede al nostro sito Web, il nostro sistema raccoglie automaticamente dati e informazioni dal sistema informatico del computer chiamante. I seguenti dati vengono raccolti:<\/p>\n\n\n\n<ul>\n<li>Informazioni sul tipo di browser e sulla versione utilizzata<\/li>\n\n\n\n<li>Il sistema operativo dell&#8217;utente<\/li>\n\n\n\n<li>Il fornitore di servizi Internet dell&#8217;utente<\/li>\n\n\n\n<li>L&#8217;indirizzo IP dell&#8217;utente<\/li>\n\n\n\n<li>Data e ora di accesso<\/li>\n\n\n\n<li>Siti web dai quali il sistema dell&#8217;utente viene al nostro sito web<\/li>\n\n\n\n<li>Siti web a cui si accede dal sistema dell&#8217;utente attraverso il nostro sito Web<\/li>\n<\/ul>\n\n\n\n<p>Il salvataggio viene eseguito per garantire la funzionalit\u00e0 del sito Web. Inoltre, i dati vengono utilizzati per ottimizzare il sito Web e garantire la sicurezza dei nostri sistemi informatici. Un&#8217;analisi dei dati per scopi di marketing non ha luogo in questo contesto.<\/p>\n\n\n\n<p>A tal fine \u00e8 nostro legittimo interesse il trattamento di questi dati ai sensi dell&#8217;articolo 6 (1) lett. f RGPD.<\/p>\n\n\n\n<p>I dati saranno cancellati non appena non sono pi\u00f9 neccessare al fine della loro raccolta.<\/p>\n\n\n\n<div style=\"height:100px\" aria-hidden=\"true\" class=\"wp-block-spacer\"><\/div>\n","protected":false},"excerpt":{"rendered":"<p>Informativa RGPD Regolamento Generale sulla Protezione dei Dati (RGPD) Con la presente Le diamo conto della natura, della portata e dello scopo della raccolta e dell&#8217;uso dei Suoi dati personali. Responsabile del trattamento dei dati \u00e8:&nbsp;Innerebner Management, Tanja Steinegger, Via Johann-Georg-Plazer 50, 39057 Appiano&nbsp;in persona del legale rappresentante:&nbsp;Tanja Steinegger, contattabile ai seguenti recapiti: Tel.&nbsp;+39 0471 [&hellip;]<\/p>\n","protected":false},"author":1,"featured_media":0,"parent":0,"menu_order":0,"comment_status":"closed","ping_status":"open","template":"","meta":{"inline_featured_image":false,"footnotes":""},"_links":{"self":[{"href":"https:\/\/www.innerebner-management.com\/it\/wp-json\/wp\/v2\/pages\/193"}],"collection":[{"href":"https:\/\/www.innerebner-management.com\/it\/wp-json\/wp\/v2\/pages"}],"about":[{"href":"https:\/\/www.innerebner-management.com\/it\/wp-json\/wp\/v2\/types\/page"}],"author":[{"embeddable":true,"href":"https:\/\/www.innerebner-management.com\/it\/wp-json\/wp\/v2\/users\/1"}],"replies":[{"embeddable":true,"href":"https:\/\/www.innerebner-management.com\/it\/wp-json\/wp\/v2\/comments?post=193"}],"version-history":[{"count":4,"href":"https:\/\/www.innerebner-management.com\/it\/wp-json\/wp\/v2\/pages\/193\/revisions"}],"predecessor-version":[{"id":313,"href":"https:\/\/www.innerebner-management.com\/it\/wp-json\/wp\/v2\/pages\/193\/revisions\/313"}],"wp:attachment":[{"href":"https:\/\/www.innerebner-management.com\/it\/wp-json\/wp\/v2\/media?parent=193"}],"curies":[{"name":"wp","href":"https:\/\/api.w.org\/{rel}","templated":true}]}}